{"id":3146,"date":"2022-08-18T13:05:48","date_gmt":"2022-08-18T12:05:48","guid":{"rendered":"https:\/\/innovation-day.pl\/?page_id=3146"},"modified":"2025-10-02T23:01:06","modified_gmt":"2025-10-02T22:01:06","slug":"bilety","status":"publish","type":"page","link":"https:\/\/innovation-day.pl\/en\/bilety\/","title":{"rendered":"Bilety"},"content":{"rendered":"<div class=\"wpb-content-wrapper\"><p>[vc_row][vc_column width=&#8221;2\/3&#8243;]<div class=\"wpforms-container wpforms-container-full\" id=\"wpforms-4736\"><form id=\"wpforms-form-4736\" class=\"wpforms-validate wpforms-form\" data-formid=\"4736\" method=\"post\" enctype=\"multipart\/form-data\" action=\"\/en\/wp-json\/wp\/v2\/pages\/3146\" data-token=\"fbadf7d9c82ceac2c6fe3a2bb5b9aa95\" data-token-time=\"1778252503\"><div class=\"wpforms-head-container\"><div class=\"wpforms-title\">Formularz rejestracyjny 2025<\/div><div class=\"wpforms-description\">Wype\u0142niaj\u0105c ten formularz wyra\u017casz ch\u0119\u0107 wzi\u0119cia udzia\u0142u w p\u0142atnym wydarzeniu pod nazw\u0105 Innovation Day 2025, kt\u00f3re odb\u0119dzie si\u0119 28 pa\u017adziernika 2025 roku w Teatrze Kamienica w Warszawie. \r\n\r\nPo rejestracji skontaktujemy si\u0119 z Tob\u0105 i potwierdzimy uczestnictwo.<\/div><\/div><noscript class=\"wpforms-error-noscript\">Please enable JavaScript in your browser to complete this form.<\/noscript><div class=\"wpforms-field-container\">\t\t<div id=\"wpforms-4736-field_3-container\"\n\t\t\tclass=\"wpforms-field wpforms-field-text\"\n\t\t\tdata-field-type=\"text\"\n\t\t\tdata-field-id=\"3\"\n\t\t\t>\n\t\t\t<label class=\"wpforms-field-label\" for=\"wpforms-4736-field_3\" >Pakiet NIP Kod<\/label>\n\t\t\t<input type=\"text\" id=\"wpforms-4736-field_3\" class=\"wpforms-field-medium\" name=\"wpforms[fields][3]\" >\n\t\t<\/div>\n\t\t<div id=\"wpforms-4736-field_1-container\" class=\"wpforms-field wpforms-field-email\" data-field-id=\"1\"><label class=\"wpforms-field-label\" for=\"wpforms-4736-field_1\">E-mail <span class=\"wpforms-required-label\">*<\/span><\/label><input type=\"email\" id=\"wpforms-4736-field_1\" class=\"wpforms-field-medium wpforms-field-required\" name=\"wpforms[fields][1]\" spellcheck=\"false\" required><\/div><div id=\"wpforms-4736-field_0-container\" class=\"wpforms-field wpforms-field-name\" data-field-id=\"0\"><label class=\"wpforms-field-label\" for=\"wpforms-4736-field_0\">Imi\u0119 <span class=\"wpforms-required-label\">*<\/span><\/label><input type=\"text\" id=\"wpforms-4736-field_0\" class=\"wpforms-field-medium wpforms-field-required\" name=\"wpforms[fields][0]\" required><\/div><div id=\"wpforms-4736-field_2-container\" class=\"wpforms-field wpforms-field-name\" data-field-id=\"2\"><label class=\"wpforms-field-label\" for=\"wpforms-4736-field_2\">Nazwisko <span class=\"wpforms-required-label\">*<\/span><\/label><input type=\"text\" id=\"wpforms-4736-field_2\" class=\"wpforms-field-medium wpforms-field-required\" name=\"wpforms[fields][2]\" required><\/div><div id=\"wpforms-4736-field_12-container\" class=\"wpforms-field wpforms-field-name\" data-field-id=\"12\"><label class=\"wpforms-field-label\" for=\"wpforms-4736-field_12\">Stanowisko <span class=\"wpforms-required-label\">*<\/span><\/label><input type=\"text\" id=\"wpforms-4736-field_12\" class=\"wpforms-field-medium wpforms-field-required\" name=\"wpforms[fields][12]\" required><\/div><div id=\"wpforms-4736-field_19-container\" class=\"wpforms-field wpforms-field-phone\" data-field-id=\"19\"><label class=\"wpforms-field-label\" for=\"wpforms-4736-field_19\">Numer telefonu <span class=\"wpforms-required-label\">*<\/span><\/label><input type=\"tel\" id=\"wpforms-4736-field_19\" class=\"wpforms-field-medium wpforms-field-required wpforms-smart-phone-field\" data-rule-smart-phone-field=\"true\" name=\"wpforms[fields][19]\" aria-label=\"Numer telefonu\" required><\/div><div id=\"wpforms-4736-field_7-container\" class=\"wpforms-field wpforms-field-text\" data-field-id=\"7\"><label class=\"wpforms-field-label\" for=\"wpforms-4736-field_7\">Nazwa firmy <span class=\"wpforms-required-label\">*<\/span><\/label><input type=\"text\" id=\"wpforms-4736-field_7\" class=\"wpforms-field-medium wpforms-field-required\" name=\"wpforms[fields][7]\" required><\/div><div id=\"wpforms-4736-field_10-container\" class=\"wpforms-field wpforms-field-text\" data-field-id=\"10\"><label class=\"wpforms-field-label\" for=\"wpforms-4736-field_10\">NIP <span class=\"wpforms-required-label\">*<\/span><\/label><input type=\"text\" id=\"wpforms-4736-field_10\" class=\"wpforms-field-medium wpforms-field-required\" name=\"wpforms[fields][10]\" required><\/div><div id=\"wpforms-4736-field_17-container\" class=\"wpforms-field wpforms-field-text\" data-field-id=\"17\"><label class=\"wpforms-field-label\" for=\"wpforms-4736-field_17\">Kod promocyjny (dotyczy Pakiet #1 Konferencja)<\/label><input type=\"text\" id=\"wpforms-4736-field_17\" class=\"wpforms-field-medium\" name=\"wpforms[fields][17]\" ><\/div><div id=\"wpforms-4736-field_8-container\" class=\"wpforms-field wpforms-field-radio wpforms-list-inline\" data-field-id=\"8\"><label class=\"wpforms-field-label\">Wybieram: <span class=\"wpforms-required-label\">*<\/span><\/label><ul id=\"wpforms-4736-field_8\" class=\"wpforms-field-required wpforms-image-choices wpforms-image-choices-modern\"><li class=\"choice-1 depth-1 wpforms-image-choices-item\"><label class=\"wpforms-field-label-inline\" for=\"wpforms-4736-field_8_1\" tabindex=\"0\"><span class=\"wpforms-image-choices-image\"><img decoding=\"async\" src=\"https:\/\/innovation-day.pl\/wp-content\/uploads\/2022\/09\/innday.jpg\" alt=\"Pakiet #1 Konferencja\" title=\"Pakiet #1 Konferencja\"><\/span><input type=\"radio\" id=\"wpforms-4736-field_8_1\" class=\"wpforms-screen-reader-element\" name=\"wpforms[fields][8]\" value=\"Pakiet #1 Konferencja\" tabindex=\"-1\" required ><span class=\"wpforms-image-choices-label\">Pakiet #1 Konferencja<\/span><\/label><\/li><li class=\"choice-3 depth-1 wpforms-image-choices-item\"><label class=\"wpforms-field-label-inline\" for=\"wpforms-4736-field_8_3\" tabindex=\"0\"><span class=\"wpforms-image-choices-image\"><img decoding=\"async\" src=\"https:\/\/innovation-day.pl\/wp-content\/uploads\/2022\/09\/zlote-innowacje.jpg\" alt=\"Pakiet #2 Konferencja + Gala\" title=\"Pakiet #2 Konferencja + Gala\"><\/span><input type=\"radio\" id=\"wpforms-4736-field_8_3\" class=\"wpforms-screen-reader-element\" name=\"wpforms[fields][8]\" value=\"Pakiet #2 Konferencja + Gala\" tabindex=\"-1\" required ><span class=\"wpforms-image-choices-label\">Pakiet #2 Konferencja + Gala<\/span><\/label><\/li><\/ul><\/div><div id=\"wpforms-4736-field_13-container\" class=\"wpforms-field wpforms-field-checkbox\" data-field-id=\"13\"><label class=\"wpforms-field-label\">Warunki uczestnictwa <span class=\"wpforms-required-label\">*<\/span><\/label><ul id=\"wpforms-4736-field_13\" class=\"wpforms-field-required\"><li class=\"choice-1 depth-1\"><input type=\"checkbox\" id=\"wpforms-4736-field_13_1\" name=\"wpforms[fields][13][]\" value=\"O\u015bwiadczam, \u017ce zapozna\u0142em\/am si\u0119 z warunkami uczestnictwa w Wydarzeniu Innovation Day 2025 dost\u0119pnymi na stronie internetowej i zobowi\u0105zuj\u0119 si\u0119 do zap\u0142aty ca\u0142o\u015bci kwoty wynikaj\u0105cej z niniejszej umowy.\" required ><label class=\"wpforms-field-label-inline\" for=\"wpforms-4736-field_13_1\">O\u015bwiadczam, \u017ce zapozna\u0142em\/am si\u0119 z warunkami uczestnictwa w Wydarzeniu Innovation Day 2025 dost\u0119pnymi na stronie internetowej i zobowi\u0105zuj\u0119 si\u0119 do zap\u0142aty ca\u0142o\u015bci kwoty wynikaj\u0105cej z niniejszej umowy.<\/label><\/li><\/ul><\/div><div id=\"wpforms-4736-field_14-container\" class=\"wpforms-field wpforms-field-checkbox\" data-field-id=\"14\"><label class=\"wpforms-field-label\">Zgoda dane osobowe <span class=\"wpforms-required-label\">*<\/span><\/label><ul id=\"wpforms-4736-field_14\" class=\"wpforms-field-required\"><li class=\"choice-1 depth-1\"><input type=\"checkbox\" id=\"wpforms-4736-field_14_1\" name=\"wpforms[fields][14][]\" value=\"Wyra\u017cam zgod\u0119 na przetwarzanie moich danych osobowych przez Fischer Trading Group Sp. z o.o. z siedzib\u0105 w Warszawie (00-112), ul. Bagno 2\/218 i jej partner\u00f3w biznesowych oraz na udost\u0119pnianie tych danych innym podmiotom, w celach marketingowych i statystycznych.\" required ><label class=\"wpforms-field-label-inline\" for=\"wpforms-4736-field_14_1\">Wyra\u017cam zgod\u0119 na przetwarzanie moich danych osobowych przez Fischer Trading Group Sp. z o.o. z siedzib\u0105 w Warszawie (00-112), ul. Bagno 2\/218 i jej partner\u00f3w biznesowych oraz na udost\u0119pnianie tych danych innym podmiotom, w celach marketingowych i statystycznych.<\/label><\/li><\/ul><\/div><div id=\"wpforms-4736-field_15-container\" class=\"wpforms-field wpforms-field-checkbox\" data-field-id=\"15\"><label class=\"wpforms-field-label\">Zgoda marketingowa<\/label><ul id=\"wpforms-4736-field_15\"><li class=\"choice-1 depth-1\"><input type=\"checkbox\" id=\"wpforms-4736-field_15_1\" name=\"wpforms[fields][15][]\" value=\"Wyra\u017cam zgod\u0119 na otrzymywanie drog\u0105 elektroniczn\u0105 ofert oraz informacji handlowych dotycz\u0105cych Fischer Trading Group Sp. z o.o. oraz wsp\u00f3\u0142pracuj\u0105cych z Fischer Trading Group Sp. z o.o. partner\u00f3w handlowych.\"  ><label class=\"wpforms-field-label-inline\" for=\"wpforms-4736-field_15_1\">Wyra\u017cam zgod\u0119 na otrzymywanie drog\u0105 elektroniczn\u0105 ofert oraz informacji handlowych dotycz\u0105cych Fischer Trading Group Sp. z o.o. oraz wsp\u00f3\u0142pracuj\u0105cych z Fischer Trading Group Sp. z o.o. partner\u00f3w handlowych.<\/label><\/li><\/ul><div class=\"wpforms-field-description\">Administratorem danych osobowych jest Fischer Trading Group Sp. z o.o. z siedzib\u0105 w Warszawie, ul. Bagno 2\/218. Podanie danych jest dobrowolne, a osobie podaj\u0105cej dane przys\u0142uguje prawo dost\u0119pu do danych, prawo sprostowania danych, prawo ograniczenia przetwarzania, prawo usuni\u0119cia danych, wyra\u017cenie sprzeciwu wobec przetwarzania, prawo z\u0142o\u017cenia skargi do organu nadzorczego ochrony danych osobowych. Podstaw\u0105 przetwarzania danych osobowych podanych przy z\u0142o\u017ceniu zg\u0142oszenia jest realizacja umowy. Dane ze zg\u0142oszenia\u202f mog\u0105 by\u0107 przetwarzane w celu marketingowym Administratora (uzasadniony interes), wobec czego mo\u017cesz wyrazi\u0107 sprzeciw. W zakresie, w jakim ww. dane s\u0105 przetwarzane w celu realizacji umowy lub s\u0105 przetwarzane na podstawie zgody \u2013 przys\u0142uguje Ci tak\u017ce prawo do przenoszenia danych.<\/div><\/div><script>\n\t\t\t\t( function() {\n\t\t\t\t\tconst style = document.createElement( 'style' );\n\t\t\t\t\tstyle.appendChild( document.createTextNode( '#wpforms-4736-field_3-container { position: absolute !important; overflow: hidden !important; display: inline !important; height: 1px !important; width: 1px !important; z-index: -1000 !important; padding: 0 !important; } #wpforms-4736-field_3-container input { visibility: hidden; } #wpforms-conversational-form-page #wpforms-4736-field_3-container label { counter-increment: none; }' ) );\n\t\t\t\t\tdocument.head.appendChild( style );\n\t\t\t\t\tdocument.currentScript?.remove();\n\t\t\t\t} )();\n\t\t\t<\/script><\/div><!-- .wpforms-field-container --><div class=\"wpforms-submit-container\" ><input type=\"hidden\" name=\"wpforms[id]\" value=\"4736\"><input type=\"hidden\" name=\"page_title\" value=\"\"><input type=\"hidden\" name=\"page_url\" value=\"https:\/\/innovation-day.pl\/en\/wp-json\/wp\/v2\/pages\/3146\"><input type=\"hidden\" name=\"url_referer\" value=\"\"><button type=\"submit\" name=\"wpforms[submit]\" id=\"wpforms-submit-4736\" class=\"wpforms-submit\" data-alt-text=\"Zapisywanie...\" data-submit-text=\"Zarejestruj si\u0119\" aria-live=\"assertive\" value=\"wpforms-submit\">Zarejestruj si\u0119<\/button><\/div><\/form><\/div>  <!-- .wpforms-container -->[\/vc_column][vc_column width=&#8221;1\/3&#8243;][vc_column_text css=&#8221;&#8221;]<strong>Warunki uczestnictwa<\/strong><\/p>\n<p>Uczestnictwo w wydarzeniu jest odp\u0142atne.<\/p>\n<p><strong>Ceny bilet\u00f3w:<\/strong><\/p>\n<p><strong>Pakiet #1 Konferencja<\/strong><\/p>\n<ul>\n<li>890 z\u0142,<\/li>\n<li>690 z\u0142 (przy 2 osobach),<\/li>\n<li>590 z\u0142 (przy 3 i wi\u0119cej osobach).<\/li>\n<\/ul>\n<p><strong>Pakiet #2 Konferencja + Gala<\/strong><\/p>\n<ul>\n<li>2 400 z\u0142,<\/li>\n<li>2 100 z\u0142 (przy 2 osobach),<\/li>\n<li>1&nbsp;800 z\u0142 (przy 3 i wi\u0119cej osobach).<\/li>\n<\/ul>\n<p>Liczba uczestnik\u00f3w jest ograniczona. Ceny netto.<\/p>\n<p><strong>\u015awiadczenia Konferencja:<\/strong><\/p>\n<ul>\n<li>Wst\u0119p na konferencj\u0119 w godzinach 8:00-16:00<\/li>\n<li>Pakiet konferencyjny<\/li>\n<li>Kawa, Lunch<\/li>\n<\/ul>\n<p><strong>\u015awiadczenia Konferencja + Gala:<\/strong><\/p>\n<ul>\n<li>Wst\u0119p na konferencj\u0119 w godzinach 8:00-16:00<\/li>\n<li>Wst\u0119p na wieczorn\u0105 gal\u0119 rozdania statuetek w konkursie &#8220;Z\u0142ote Innowacje FMCG &#038; Retail&#8221; w godzinach 19:00-23:00<\/li>\n<li>Pakiet konferencyjny<\/li>\n<li>Kawa, Lunch<\/li>\n<li>Wieczorny Bankiet.<\/li>\n<\/ul>\n<p>&nbsp;<\/p>\n<div class=\"wpb_text_column wpb_content_element \">\n<div class=\"wpb_wrapper\">\n<h3>Szczeg\u00f3\u0142owe warunki uczestnictwa<\/h3>\n<p>1. Warunkiem uczestnictwa w Wydarzeniu Innovation Day 2025 jest wype\u0142nienie i przes\u0142anie drog\u0105 elektroniczn\u0105 formularza zg\u0142oszeniowego (przycisk \u201eWy\u015blij\u201d) oraz dokonanie zap\u0142aty za uczestnictwo na rachunek bankowy Organizatora: Fischer Trading Group Sp\u00f3\u0142ka z o.o. ul. Bagno 2\/218, 00-112 Warszawa Bank Pekao S.A. Nr 46 1240 1037 1111 0010 3040 5926 Tytu\u0142 przelewu: \u201eINNOVATION DAY 2025\u201d<\/p>\n<p>2. Zg\u0142aszaj\u0105cy upowa\u017cnia firm\u0119 Fischer Trading Group Sp\u00f3\u0142ka z o.o. do wystawienia faktury VAT bez podpisu odbiorcy. Nades\u0142ane zg\u0142oszenie jest jednocze\u015bnie zobowi\u0105zaniem do zap\u0142aty.<\/p>\n<p>3. Zg\u0142aszaj\u0105cy o\u015bwiadcza, \u017ce jest umocowany do wys\u0142ania formularza i nale\u017cna kwota zostanie przelana na konto wskazane na stronie internetowej Organizatora w ci\u0105gu 7 dni od dnia wys\u0142ania zg\u0142oszenia lub otrzymania faktury pro-forma\/faktury VAT. R\u00f3wnocze\u015bnie o\u015bwiadcza, \u017ce zapozna\u0142a si\u0119 z warunkami uczestnictwa oraz zobowi\u0105zuje si\u0119 do zap\u0142aty ca\u0142o\u015bci kwoty wynikaj\u0105cej z niniejszej umowy.<\/p>\n<p>4. Rezygnacja z udzia\u0142u w Wydarzeniu po dniu 15 pa\u017adziernika 2025 roku nie powoduje zwolnienia z op\u0142aty. Rezygnacj\u0119 z udzia\u0142u nale\u017cy przesy\u0142a\u0107 droga mailow\u0105 na adres: redakcja@hurtidetal.pl lub listem poleconym na adres Organizatora.<\/p>\n<p>5. Nieobecno\u015b\u0107 Uczestnika w Wydarzeniu (po dokonaniu wp\u0142aty) nie powoduje zwrotu op\u0142aty.<\/p>\n<p>6. Organizator zastrzega sobie prawo do odm\u00f3wienia przyj\u0119cia zg\u0142oszenia uczestnictwa w Innovation Day 2025 \u2013 bez podania przyczyny, jak r\u00f3wnie\u017c do wprowadzania zmian w programie, formule, miejsca wydarzenia jak r\u00f3wnie\u017c do odwo\u0142ania Wydarzenia. W przypadku odwo\u0142ania Wydarzenia, wszelkie wniesione wcze\u015bniej op\u0142aty zostan\u0105 zwr\u00f3cone Zg\u0142aszaj\u0105cym w terminie 7 dni od daty og\u0142oszenia.<\/p>\n<p>7. Zg\u0142oszenie udzia\u0142u w Wydarzeniu jest jednoznaczne z dobrowolnym wyra\u017ceniem zgody na nieodp\u0142atne wykorzystanie przez firm\u0119 Fischer Trading Group Sp. z o.o. wizerunku Uczestnika we wszelkich materia\u0142ach promuj\u0105cych i dokumentuj\u0105cych przebieg Wydarzenia.<\/p>\n<\/div>\n<\/div>\n<p>[\/vc_column_text][\/vc_column][\/vc_row][vc_row][vc_column][vc_empty_space][\/vc_column][\/vc_row]<\/p>\n<\/div>","protected":false},"excerpt":{"rendered":"<p>[vc_row][vc_column width=&#8221;2\/3&#8243;][\/vc_column][vc_column width=&#8221;1\/3&#8243;][vc_column_text css=&#8221;&#8221;]Warunki uczestnictwa Uczestnictwo w wydarzeniu jest odp\u0142atne. Ceny bilet\u00f3w: Pakiet #1 Konferencja 890 z\u0142, 690 z\u0142 (przy 2 osobach), 590 z\u0142 (przy 3 i wi\u0119cej osobach). Pakiet #2 Konferencja + Gala 2 400 z\u0142, 2 100 z\u0142 (przy 2 osobach), 1&nbsp;800 z\u0142 (przy 3 i wi\u0119cej osobach). Liczba uczestnik\u00f3w jest ograniczona. Ceny<\/p>\n","protected":false},"author":2,"featured_media":0,"parent":0,"menu_order":0,"comment_status":"open","ping_status":"closed","template":"","meta":{"ngg_post_thumbnail":0,"footnotes":""},"_links":{"self":[{"href":"https:\/\/innovation-day.pl\/en\/wp-json\/wp\/v2\/pages\/3146"}],"collection":[{"href":"https:\/\/innovation-day.pl\/en\/wp-json\/wp\/v2\/pages"}],"about":[{"href":"https:\/\/innovation-day.pl\/en\/wp-json\/wp\/v2\/types\/page"}],"author":[{"embeddable":true,"href":"https:\/\/innovation-day.pl\/en\/wp-json\/wp\/v2\/users\/2"}],"replies":[{"embeddable":true,"href":"https:\/\/innovation-day.pl\/en\/wp-json\/wp\/v2\/comments?post=3146"}],"version-history":[{"count":26,"href":"https:\/\/innovation-day.pl\/en\/wp-json\/wp\/v2\/pages\/3146\/revisions"}],"predecessor-version":[{"id":4782,"href":"https:\/\/innovation-day.pl\/en\/wp-json\/wp\/v2\/pages\/3146\/revisions\/4782"}],"wp:attachment":[{"href":"https:\/\/innovation-day.pl\/en\/wp-json\/wp\/v2\/media?parent=3146"}],"curies":[{"name":"wp","href":"https:\/\/api.w.org\/{rel}","templated":true}]}}