{"id":2055,"date":"2020-03-19T19:40:06","date_gmt":"2020-03-19T18:40:06","guid":{"rendered":"http:\/\/innovation-day.pl\/?page_id=2055"},"modified":"2021-11-07T11:32:05","modified_gmt":"2021-11-07T10:32:05","slug":"zlote-innowacje","status":"publish","type":"page","link":"https:\/\/innovation-day.pl\/en\/zlote-innowacje\/","title":{"rendered":"Z\u0142ote Innowacje"},"content":{"rendered":"<div class=\"wpb-content-wrapper\"><p>[vc_row][vc_column width=&#8221;2\/3&#8243;][vc_column_text css=&#8221;.vc_custom_1633040303325{margin-top: 90px !important;margin-bottom: 90px !important;}&#8221;]<\/p>\n<h3>Z\u0142ote Innowacje FMCG &#038; Retail<\/h3>\n<p>Tu\u017c po zako\u0144czeniu cz\u0119\u015bci konferencyjnej Innovation Day b\u0119dzie mia\u0142 miejsce fina\u0142 konkursu <strong>Z\u0142ote Innowacje FMCG &#038; Retail<\/strong>. To najwi\u0119kszy na polskim rynku konkurs konsumencki, wy\u0142aniaj\u0105cy najbardziej innowacyjne produkty FMCG i rozwi\u0105zania retail. Nagradzane s\u0105 produkty i us\u0142ugi, kt\u00f3re w ostatnim roku rewolucjonizowa\u0142y podej\u015bcie do zakup\u00f3w, uatrakcyjnia\u0142y rynek spo\u017cywczy oraz poprzez innowacyjno\u015b\u0107 bezpo\u015brednio wp\u0142ywa\u0142y na zachowania konsument\u00f3w.[\/vc_column_text][\/vc_column][vc_column width=&#8221;1\/3&#8243;][vc_single_image image=&#8221;2403&#8243; img_size=&#8221;medium&#8221; alignment=&#8221;center&#8221; onclick=&#8221;custom_link&#8221; img_link_target=&#8221;_blank&#8221; css_animation=&#8221;none&#8221; link=&#8221;http:\/\/zloteinnowacje.pl\/&#8221;][\/vc_column][\/vc_row][vc_row][vc_column][vc_empty_space][\/vc_column][\/vc_row][vc_row][vc_column]\n<!--Intro Section-->\n<section class=\"intro-section\" style=\"background-image:url('https:\/\/innovation-day.pl\/wp-content\/uploads\/2019\/10\/fotoglowne.png');\">\n\t<div class=\"auto-container\">\n\t\t<div class=\"row clearfix\">\n\t\t\t<div class=\"col-md-8 col-sm-8 col-xs-12 text-content\">\n\t\t\t\t<h2>Wyniki konkursu 2020<\/h2>\n\t\t\t\t<div class=\"text\">Kto zosta\u0142 laureatem ostatniej edycji konkursu?<\/div>\n\t\t\t<\/div>\n\t\t\t<div class=\"col-md-4 col-sm-4 col-xs-12 text-right\">\n\t\t\t\t<a href=\"https:\/\/hurtidetal.pl\/article\/art_id,31192-224\/konkurs-zlote-innowacje-fmcg--retail-2020-rozstrzygniety\/\" class=\"theme-btn btn-style-one hvr-bounce-to-right\"><span class=\"fa fa-play\"><\/span>Sprawd\u017a<\/a>\n\t\t\t<\/div>\n\t\t<\/div>\n\t<\/div>\n<\/section>\n\n[\/vc_column][\/vc_row][vc_row][vc_column][vc_empty_space][\/vc_column][\/vc_row][vc_row][vc_column]\n<!--Intro Section-->\n<section class=\"intro-section\" style=\"background-image:url('https:\/\/innovation-day.pl\/wp-content\/uploads\/2019\/10\/fotoglowne.png');\">\n\t<div class=\"auto-container\">\n\t\t<div class=\"row clearfix\">\n\t\t\t<div class=\"col-md-8 col-sm-8 col-xs-12 text-content\">\n\t\t\t\t<h2>Wyniki konkursu 2019<\/h2>\n\t\t\t\t<div class=\"text\">Kto znalaz\u0142 si\u0119 w gronie szcz\u0119\u015bliwc\u00f3w w edycji 2019?<\/div>\n\t\t\t<\/div>\n\t\t\t<div class=\"col-md-4 col-sm-4 col-xs-12 text-right\">\n\t\t\t\t<a href=\"https:\/\/hurtidetal.pl\/article\/art_id,27440-224\/konkurs-zlote-innowacje-fmcg--retail-rozstrzygniety\/\" class=\"theme-btn btn-style-one hvr-bounce-to-right\"><span class=\"fa fa-play\"><\/span>Sprawd\u017a<\/a>\n\t\t\t<\/div>\n\t\t<\/div>\n\t<\/div>\n<\/section>\n\n[\/vc_column][\/vc_row]<\/p>\n<\/div>","protected":false},"excerpt":{"rendered":"<p>[vc_row][vc_column width=&#8221;2\/3&#8243;][vc_column_text css=&#8221;.vc_custom_1633040303325{margin-top: 90px !important;margin-bottom: 90px !important;}&#8221;] Z\u0142ote Innowacje FMCG &#038; Retail Tu\u017c po zako\u0144czeniu cz\u0119\u015bci konferencyjnej Innovation Day b\u0119dzie mia\u0142 miejsce fina\u0142 konkursu Z\u0142ote Innowacje FMCG &#038; Retail. To najwi\u0119kszy na polskim rynku konkurs konsumencki, wy\u0142aniaj\u0105cy najbardziej innowacyjne produkty FMCG i rozwi\u0105zania retail. Nagradzane s\u0105 produkty i us\u0142ugi, kt\u00f3re w ostatnim roku rewolucjonizowa\u0142y podej\u015bcie<\/p>\n","protected":false},"author":2,"featured_media":0,"parent":0,"menu_order":0,"comment_status":"open","ping_status":"closed","template":"","meta":{"ngg_post_thumbnail":0,"footnotes":""},"_links":{"self":[{"href":"https:\/\/innovation-day.pl\/en\/wp-json\/wp\/v2\/pages\/2055"}],"collection":[{"href":"https:\/\/innovation-day.pl\/en\/wp-json\/wp\/v2\/pages"}],"about":[{"href":"https:\/\/innovation-day.pl\/en\/wp-json\/wp\/v2\/types\/page"}],"author":[{"embeddable":true,"href":"https:\/\/innovation-day.pl\/en\/wp-json\/wp\/v2\/users\/2"}],"replies":[{"embeddable":true,"href":"https:\/\/innovation-day.pl\/en\/wp-json\/wp\/v2\/comments?post=2055"}],"version-history":[{"count":38,"href":"https:\/\/innovation-day.pl\/en\/wp-json\/wp\/v2\/pages\/2055\/revisions"}],"predecessor-version":[{"id":3038,"href":"https:\/\/innovation-day.pl\/en\/wp-json\/wp\/v2\/pages\/2055\/revisions\/3038"}],"wp:attachment":[{"href":"https:\/\/innovation-day.pl\/en\/wp-json\/wp\/v2\/media?parent=2055"}],"curies":[{"name":"wp","href":"https:\/\/api.w.org\/{rel}","templated":true}]}}