{"id":1535,"date":"2019-02-26T11:35:45","date_gmt":"2019-02-26T10:35:45","guid":{"rendered":"http:\/\/innovation-day.pl\/?page_id=1535"},"modified":"2022-06-14T18:07:05","modified_gmt":"2022-06-14T17:07:05","slug":"regulamin","status":"publish","type":"page","link":"https:\/\/innovation-day.pl\/en\/regulamin\/","title":{"rendered":"Regulamin"},"content":{"rendered":"<div class=\"wpb-content-wrapper\"><p>[vc_row][vc_column][vc_column_text]<strong>Regulamin konkursu \u201eZ\u0142ote Innowacje FMCG &#038; Retail 2022\u201d<\/strong><\/p>\n<p><strong>I. ORGANIZATOR I CZAS TRWANIA KONKURSU<\/strong><\/p>\n<p>1.1. Organizatorem Konkursu \u201eZ\u0142ote Innowacje FMCG &#038; Retail\u201d zwanego dalej ,,<strong>Konkursem<\/strong>\u2019\u2019 jest firma Fischer Trading Group Sp. z o.o. z siedzib\u0105 w Warszawie przy ul. Bagno 2\/218 wpisana do rejestru przedsi\u0119biorc\u00f3w prowadzonego przez S\u0105d Rejonowy dla M.St. Warszawy w Warszawie XII Wydzia\u0142 Gospodarczy Krajowego Rejestru S\u0105dowego, pod nr KRS: 0000225098, zwana dalej \u201e<strong>Organizatorem<\/strong>\u201d.<br \/>\n1.2. Konkurs trwa w okresie od dnia 1 lipca 2022 roku do 25 pa\u017adziernika 2022 roku.<br \/>\n1.3. Badanie konsumenckie realizowane jest na zlecenie organizatora przez firm\u0119 Blue HorizONE Sp. z o.o., zwan\u0105 dalej \u201e<strong>BH1<\/strong>\u201d.<\/p>\n<p><strong>II. WARUNKI UCZESTNICTWA I ZASADY ZG\u0141ASZANIA DO KONKURSU<br \/>\n<\/strong><\/p>\n<p>2.1. W Konkursie mog\u0105 uczestniczy\u0107 firmy \u2013 zwane dalej \u201e<strong>Uczestnikiem<\/strong>\u201d, kt\u00f3re dzia\u0142aj\u0105 na terenie RP, s\u0105 producentami, wy\u0142\u0105cznymi dystrybutorami lub bezpo\u015brednimi importerami artyku\u0142\u00f3w FMCG i \u015bwiadcz\u0105ce us\u0142ugi dla sektora FMCG.<br \/>\n2.2. Do Konkursu mog\u0105 by\u0107 zg\u0142aszane wy\u0142\u0105cznie produkty i us\u0142ugi INNOWACYJNE zwi\u0105zane z rynkiem FMCG \u2013 zgodnie z kategoriami okre\u015blonymi w cz\u0119\u015bci III i IV Regulaminu zwane dalej \u201eProduktem\u201d.<br \/>\n2.3. Przez produkt INNOWACYJNY rozumiany jest:<br \/>\n\u2013 produkt, kt\u00f3rego premiera rynkowa by\u0142a w okresie od 1.10.2021r. do 8.09.2022 r;<br \/>\n\u2013 jest nowy lub istotnie ulepszony z punktu widzenia jego charakterystyki funkcjonalnej, a w szczeg\u00f3lno\u015bci udoskonalony w zakresie charakterystyki technicznej lub zastosowanych do jego wytworzenia sk\u0142adnik\u00f3w, materia\u0142\u00f3w;<br \/>\n\u2013 zosta\u0142 udoskonalony pod k\u0105tem u\u0142atwionego i przyjaznego korzystania z produktu przez konsumenta lub stworzony\/zmieniony w zgodzie z jego potrzebami.<br \/>\n2.4. Z udzia\u0142u w Konkursie wy\u0142\u0105czone s\u0105 produkty b\u0119d\u0105ce mark\u0105 w\u0142asn\u0105 sieci handlowych.<br \/>\n2.5. Jeden produkt lub jedn\u0105 to\u017csam\u0105 lini\u0119 produktow\u0105 o tej samej gramaturze mo\u017cna zg\u0142osi\u0107 do jednej kategorii FMCG (1.1. \u2013 1.32.) w ka\u017cdej z maksymalnie 3 wybranych grup (I-V).<br \/>\n2.6. Do jednej kategorii (2.1.-2.13) mo\u017cna zg\u0142osi\u0107 tylko jeden produkt\/us\u0142ug\u0119. Jedna firma mo\u017ce zg\u0142osi\u0107 maksymalnie 3 innowacyjne produkty lub us\u0142ugi do kategorii RETAIL.<br \/>\n2.7.Organizator zastrzega sobie prawo do podzia\u0142u, po\u0142\u0105czenia lub zmiany nazw kategorii okre\u015blonych w cz\u0119\u015bci III i IV, przypisania zg\u0142oszonego produktu do innej kategorii a tak\u017ce jego usuni\u0119cia, je\u017celi wynika to ze zbyt ma\u0142ej liczby zg\u0142osze\u0144 do danej kategorii.<br \/>\n2.8. Produkt mo\u017ce zosta\u0107 zg\u0142oszony do konkursu w imieniu producenta, czy dystrybutora przez&nbsp;osoby trzecie (np. wsp\u00f3\u0142pracuj\u0105ce agencje PR) \u2013 jedynie po skutecznym dostarczeniu do Organizatora Konkursu drog\u0105 mailow\u0105, pocztow\u0105 lub faxem pisemnej zgody firmy posiadaj\u0105cej wy\u0142\u0105czne prawa do rozporz\u0105dzania produktem i tym samym zg\u0142oszenia go do Konkursu.<br \/>\n2.9. Warunkiem uczestnictwa w Konkursie jest zg\u0142oszenie innowacji poprzez wype\u0142nienie formularza elektronicznego, dost\u0119pnego na stronie internetowej Organizatora Konkursu:&nbsp;<a href=\"http:\/\/www.zloteinnowacje.pl\/\">www.zloteinnowacje.pl<\/a>&nbsp;lub&nbsp;<a href=\"http:\/\/www.hurtidetal.pl\/\">www.hurtidetal.pl<\/a>, w nieprzekraczalnym terminie \u2013 do dnia 8 wrze\u015bnia 2022 roku. W formularzu nale\u017cy poda\u0107 nast\u0119puj\u0105ce informacje:<br \/>\n\u2013 Dane identyfikuj\u0105ce Uczestnika oraz osob\u0119 zg\u0142aszaj\u0105cego;<br \/>\n\u2013 Nazwa i opis produktu\/us\u0142ugi\/konceptu\/rozwi\u0105zania z naciskiem na charakterystyk\u0119 Innowacyjno\u015bci.<br \/>\n\u2013 Kolorowe zdj\u0119cie zg\u0142aszanej innowacji (wymagania techniczne: bia\u0142e, jednolite t\u0142o, plik *.psd, *.tiff oraz *.jpg, rozdzielczo\u015b\u0107 300 dpi)<br \/>\n\u2013 Logo marki i logo produktu \u2013 na wezwanie organizatora Konkursu w chwili zakwalifikowania produktu do udzia\u0142u w Konkursie.<br \/>\n2.10. Organizator nie ponosi odpowiedzialno\u015bci za zg\u0142oszenia, kt\u00f3re nie dotar\u0142y do niego z przyczyn od niego niezale\u017cnych, m.in. wskutek awarii internetu, czy z winy Uczestnika.<br \/>\n2.11. Organizator nie ponosi odpowiedzialno\u015bci za podanie nieprecyzyjnych lub nieprawdziwych danych przez Uczestnika. Podanie nieprawdziwych danych skutkuje odebraniem prawa do nagrody.<br \/>\n2.12. Uczestnik ma prawo wycofa\u0107 lub zmieni\u0107 swoje zg\u0142oszenie wy\u0142\u0105cznie do dnia 8 wrze\u015bnia 2022 roku. Stosowna informacja powinna zosta\u0107 przes\u0142ana na mail:&nbsp;<a href=\"mailto:konkurs@zloteinnowacje.pl\">konkurs@zloteinnowacje.pl<\/a>&nbsp;oraz potwierdzona kontaktem telefonicznym u Organizatora.<br \/>\n2.13. Zg\u0142oszenie produktu do Konkursu jest r\u00f3wnoznaczne z udzieleniem przez Uczestnika zgody na publikacj\u0119 informacji zwi\u0105zanych ze zg\u0142oszonym produktem \u2013 w szczeg\u00f3lno\u015bci: zdj\u0119cia produktu, logo producenta, logo marki (produktu) oraz opisu \u2013 na stronach internetowych, fanpage\u2019u facebooka, koncie Instagram, stronie firmowej na LinkedIn, serwisie YouTube i innych serwisach internetowych Organizatora oraz w drukowanym wydaniu miesi\u0119cznika Hurt &#038; Detal.<br \/>\n2.14. Uczestnik wyra\u017ca zgod\u0119 na udost\u0119pnienie przez Organizatora firmie BH1 informacji zwi\u0105zanych ze zg\u0142oszonym produktem \u2013 w szczeg\u00f3lno\u015bci: zdj\u0119cia produktu, logo producenta, logo marki (produktu) oraz opisu, w celu przeprowadzenia badania konsumenckiego a tak\u017ce opublikowania wynik\u00f3w Konkursu we wszelkich elektronicznych, internetowych i drukowanych materia\u0142ach promuj\u0105cych Konkurs.<br \/>\n2.15. Uczestnik wyra\u017ca zgod\u0119 na przetwarzanie danych osobowych na potrzeby realizacji Konkursu.<br \/>\n2.16. Organizator i BH1 zobowi\u0105zuj\u0105 si\u0119 do przestrzegania przepis\u00f3w ustawy z dnia 29.08.1997 roku o ochronie danych osobowych (tekst jedn. Dz.U. z 2002 r. Nr 101, poz. 926, z p\u00f3\u017an. zm.) oraz ponosz\u0105 samodzieln\u0105 odpowiedzialno\u015b\u0107 za podj\u0119te w tym wzgl\u0119dzie dzia\u0142ania lub za ich zaniechanie.<br \/>\n2.17. Zg\u0142oszenia i udzia\u0142 w Konkursie jest bezp\u0142atny i dobrowolny.<br \/>\n2.18. Zg\u0142oszenie do Konkursu jest r\u00f3wnoznaczne z akceptacj\u0105 niniejszego Regulaminu przez Uczestnika.<\/p>\n<p><strong>III. KATEGORIE \u2013 PRODUKTY FMCG<\/strong><\/p>\n<p><strong>GRUPA I \u2013 SMAK<\/strong>:<\/p>\n<p>1.1. Napoje i soki<br \/>\n1.2. Napoje alkoholowe<br \/>\n1.3. Piwo (alkoholowe i bezalkoholowe)<br \/>\n1.4. S\u0142odycze<br \/>\n1.5. Przek\u0105ski<br \/>\n1.6. Lody<br \/>\n1.7. Nabia\u0142<br \/>\n1.8. W\u0119dliny<br \/>\n1.9. Przyprawy i sosy<br \/>\n1.10. Artyku\u0142y spo\u017cywcze pozosta\u0142e<\/p>\n<p><strong>GRUPA II \u2013 SK\u0141AD:<\/strong><\/p>\n<p>1.11. \u017bywno\u015b\u0107<br \/>\n1.12. Napoje i alkohole<br \/>\n1.13. Kosmetyki i higiena (Non Food)<\/p>\n<p><strong>GRUPA III \u2013 OPAKOWANIE:<\/strong><\/p>\n<p>1.14. Artyku\u0142y spo\u017cywcze<br \/>\n1.15. Napoje i alkohole<br \/>\n1.16. Kosmetyki i higiena<br \/>\n1.17. Chemia gospodarcza<\/p>\n<p><strong>GRUPA IV \u2013 ODPOWIED\u0179 NA POTRZEBY:<\/strong><\/p>\n<p>1.18. Napoje i soki<br \/>\n1.19. Napoje alkoholowe<br \/>\n1.20. Napoje funkcjonalne<br \/>\n1.21. Piwo (alkoholowe i bezalkoholowe)<br \/>\n1.22. Nabia\u0142<br \/>\n1.23. S\u0142odycze i przek\u0105ski<br \/>\n1.24. Produkty BIO i ECO<br \/>\n1.25. Artyku\u0142y spo\u017cywcze pozosta\u0142e<br \/>\n1.26. Kosmetyki i higiena<br \/>\n1.27. Chemia gospodarcza<\/p>\n<p><strong>GRUPA V \u2013 CHWILE Z PRODUKTEM:<\/strong><\/p>\n<p>1.28. Przyjemne gotowanie<br \/>\n1.29. S\u0142odkie chwile<br \/>\n1.30. W gronie rodziny i przyjaci\u00f3\u0142<br \/>\n1.31. Dzieci\u0119ce rado\u015bci<br \/>\n1.32. \u0141atwiej w domu (Non Food)<\/p>\n<p><strong>SUPER INNOWACJA (Kategoria Specjalna):<\/strong><\/p>\n<p>1.33. Super Innowacja (produkt, na kt\u00f3ry oddano najwi\u0119cej g\u0142os\u00f3w spo\u015br\u00f3d wszystkich kategorii)<\/p>\n<p><strong>IV. KATEGORIE \u2013 RETAIL<\/strong><\/p>\n<p>2.1. Innowacyjny koncept handlowy<br \/>\n2.2. Wyposa\u017cenie sklepowe (lady, rega\u0142y)<br \/>\n2.3. Wyposa\u017cenie sklepowe (w\u00f3zki, kosze)<br \/>\n2.4. Wyposa\u017cenie sklepowe \u2013 strefa kasy<br \/>\n2.5. Wyposa\u017cenie sklepowe \u2013 pozosta\u0142e<br \/>\n2.6. Urz\u0105dzenia fiskalne<br \/>\n2.7. Aplikacje B2B<br \/>\n2.8. Aplikacje B2C<br \/>\n2.9. Innowacyjne rozwi\u0105zania wspieraj\u0105ce handel stacjonarny<br \/>\n2.10. Innowacyjne rozwi\u0105zania wspieraj\u0105ce e-commerce<br \/>\n2.11. Innowacyjne rozwi\u0105zania w zakresie opakowa\u0144<br \/>\n2.12. Innowacyjne rozwi\u0105zania w zakresie logistyki<br \/>\n2.13. Koncepty przysz\u0142o\u015bci<\/p>\n<p><strong>V. ETAPY KONKURSU<br \/>\n<\/strong><\/p>\n<p><u>Etap I<\/u>: Przyjmowanie zg\u0142osze\u0144 do konkursu odbywa si\u0119 od 1 lipca 2022 do 8 wrze\u015bnia 2022 roku.<br \/>\n<u>Etap II<\/u>: Kapitu\u0142a Konkursu dokonuje przegl\u0105du wszystkich zg\u0142oszonych produkt\u00f3w innowacyjnych i kwalifikuje do III etapu po 5 innowacji w ka\u017cdej z kategorii wyszczeg\u00f3lnionych w cz\u0119\u015bci III regulaminu (KATEGORIE \u2013 PRODUKTY FMCG). Do III etapu kwalifikowane s\u0105 r\u00f3wnie\u017c wszystkie zg\u0142oszenia z kategorii opisanych w cz\u0119\u015bci IV regulaminu (KATEGORIE \u2013 RETAIL).<br \/>\n<u>Etap III<\/u>: W zakresie kategorii opisanych w cz\u0119\u015bci III regulaminu (KATEGORIE \u2013 PRODUKTY FMCG) \u2013 BH1 przeprowadza Badanie Konsumenckie zgodnie z metodologi\u0105 opisana w pkt. VI i przekazuje raport z wynikami do Organizatora do dnia 3 pa\u017adziernika 2022 roku.<br \/>\nW zakresie kategorii opisanych w cz\u0119\u015bci IV regulaminu (KATEGORIE \u2013 RETAIL) \u2013 wyboru laureat\u00f3w dokonuje Kapitu\u0142a Konkursu i przekazuje raport z wynikami do Organizatora do dnia 3 pa\u017adziernika 2022 roku. W konkursie mog\u0105 uczestniczy\u0107 r\u00f3wnie\u017c rozwi\u0105zania Retail nie zg\u0142oszone poprzez formularz zg\u0142oszeniowy, ale znacz\u0105ce dla innowacyjno\u015bci w polskim sektorze Retail. O ich dopuszczeniu do dalszej rywalizacji decyduje Kapitu\u0142a Konkursu.<br \/>\n<u>Etap IV<\/u>: Og\u0142oszenie wynik\u00f3w Konkursu nast\u0105pi w dniu 25 pa\u017adziernika 2022 roku.<\/p>\n<p><strong>VI. METODOLOGIA BADANIA<br \/>\n<\/strong>Metodologia badania konsumenckiego: Na platformie internetowej dost\u0119pnej pod adresem <a href=\"https:\/\/zloteinnowacje2021.pl\">zloteinnowacje2022.pl<\/a> b\u0119dzie opublikowana ankieta dla os\u00f3b fizycznych, zarejestrowanych jako uczestnicy platformy. Do procesu rejestracji jak i oddania g\u0142os\u00f3w uprawnione b\u0119d\u0105 wszystkie osoby, kt\u00f3re spe\u0142niaj\u0105 warunki regulaminu uczestnik\u00f3w platformy, s\u0105 osobami pe\u0142noletnimi i b\u0119d\u0105 posiada\u0107 wy\u0142\u0105cznie jedno konto na platformie. Ka\u017cdy z g\u0142osuj\u0105cych mo\u017ce odda\u0107 sw\u00f3j jeden g\u0142os lub g\u0142os i uzasadnienie indywidualnej decyzji w ka\u017cdej z kategorii Konkursu. G\u0142osy zliczane s\u0105 automatycznie, nie podlegaj\u0105 moderacji, a po zako\u0144czeniu g\u0142osowania przekazane do Organizatora bez ich upubliczniania do czasu oficjalnego og\u0142oszenia, tj. do dnia 25 pa\u017adziernika 2022 roku.<\/p>\n<p><strong>VII. LAUREACI, PRAWO WYKORZYSTYWANIA ZNAKU<\/strong><\/p>\n<p>7.1. Laureatom, kt\u00f3rzy zwyci\u0119\u017cyli (zaj\u0119li pierwsze miejsce) w kategoriach okre\u015blonych w cz\u0119\u015bci III regulaminu (Produkty FMCG), Organizator przyznaje prawo do bezp\u0142atnego wykorzystywania w dzia\u0142aniach marketingowych znaku konkursu: \u201eZ\u0142ota Innowacja FMCG\u201d oraz znaku nagrody: \u201eProdukt Innowacyjny \u2013 Z\u0142oto\u201d (z\u0142oty znak).<br \/>\n7.2. Laureatom, kt\u00f3rzy zaj\u0119li drugie miejsce w kategoriach okre\u015blonych w cz\u0119\u015bci III regulaminu (Produkty FMCG), Organizator przyznaje prawo do bezp\u0142atnego wykorzystywania w dzia\u0142aniach marketingowych znaku nagrody: \u201eProdukt Innowacyjny&nbsp; \u2013 Wyr\u00f3\u017cnienie\u201d (srebrny znak).<br \/>\n7.3. Laureatom, kt\u00f3rzy zwyci\u0119\u017cyli (zaj\u0119li pierwsze miejsce) w kategoriach okre\u015blonych w cz\u0119\u015bci IV regulaminu (RETAIL), Organizator przyznaje prawo do bezp\u0142atnego wykorzystywania w dzia\u0142aniach marketingowych znaku konkursu: \u201eZ\u0142ota Innowacja RETAIL\u201d oraz znaku nagrody: \u201eProdukt Innowacyjny \u2013 Z\u0142oto\u201d (z\u0142oty znak).<br \/>\n7.4. Uczestnicy zobowi\u0105zuj\u0105 si\u0119, \u017ce znaki okre\u015blone w ust. 7.1 \u2013 7.3 b\u0119d\u0105 przez nich u\u017cywane wy\u0142\u0105cznie w formie, wymiarach i zgodnie z wzorem graficznym przekazanym przez Organizatora.<br \/>\n7.5. Prawo do wykorzystywania znak\u00f3w okre\u015blonych w ust. 7.1 \u2013 7.3 nie mo\u017ce by\u0107 przenoszone na rzecz os\u00f3b trzecich.<\/p>\n<p><strong>VIII. POSTANOWIENIA KO\u0143COWE<\/strong><\/p>\n<p>8.1. Regulamin konkursu znajduje si\u0119 do wgl\u0105du w sekretariacie redakcji, ul. Bagno 2\/218, 00-112 Warszawa oraz na stronie internetowej Konkursu:&nbsp;<a href=\"http:\/\/www.zloteinnowacje.pl\/\">www.zloteinnowacje.pl<\/a>.<br \/>\n8.2. Wszelkie pytania i uwagi mo\u017cna kierowa\u0107 na oficjalny adres e-mail konkursu:&nbsp;<a href=\"mailto:konkurs@zloteinnowacje.pl\">konkurs@zloteinnowacje.pl<\/a>&nbsp;.<br \/>\n8.4. Z\u0142amanie ustale\u0144 regulaminu Konkursu przez Uczestnika b\u0119dzie oznacza\u0142o jego wykluczeniem z uczestnictwa w Konkursie.<br \/>\n8.5. Wszelkie spory dotycz\u0105ce przebiegu Konkursu oraz innych kwestii z nim zwi\u0105zanych, w tym w szczeg\u00f3lno\u015bci dotycz\u0105ce korzystania ze znaku rozstrzygane b\u0119d\u0105 przez S\u0105d w\u0142a\u015bciwy dla siedziby Organizatora.<\/p>\n<p>Regulamin wchodzi w \u017cycie z dniem 1 lipca 2022 roku.<\/p>\n<p>&nbsp;[\/vc_column_text][\/vc_column][\/vc_row]<\/p>\n<\/div>","protected":false},"excerpt":{"rendered":"<p>[vc_row][vc_column][vc_column_text]Regulamin konkursu \u201eZ\u0142ote Innowacje FMCG &#038; Retail 2022\u201d I. ORGANIZATOR I CZAS TRWANIA KONKURSU 1.1. Organizatorem Konkursu \u201eZ\u0142ote Innowacje FMCG &#038; Retail\u201d zwanego dalej ,,Konkursem\u2019\u2019 jest firma Fischer Trading Group Sp. z o.o. z siedzib\u0105 w Warszawie przy ul. Bagno 2\/218 wpisana do rejestru przedsi\u0119biorc\u00f3w prowadzonego przez S\u0105d Rejonowy dla M.St. Warszawy w Warszawie XII<\/p>\n","protected":false},"author":2,"featured_media":0,"parent":0,"menu_order":0,"comment_status":"open","ping_status":"closed","template":"","meta":{"ngg_post_thumbnail":0,"footnotes":""},"_links":{"self":[{"href":"https:\/\/innovation-day.pl\/en\/wp-json\/wp\/v2\/pages\/1535"}],"collection":[{"href":"https:\/\/innovation-day.pl\/en\/wp-json\/wp\/v2\/pages"}],"about":[{"href":"https:\/\/innovation-day.pl\/en\/wp-json\/wp\/v2\/types\/page"}],"author":[{"embeddable":true,"href":"https:\/\/innovation-day.pl\/en\/wp-json\/wp\/v2\/users\/2"}],"replies":[{"embeddable":true,"href":"https:\/\/innovation-day.pl\/en\/wp-json\/wp\/v2\/comments?post=1535"}],"version-history":[{"count":26,"href":"https:\/\/innovation-day.pl\/en\/wp-json\/wp\/v2\/pages\/1535\/revisions"}],"predecessor-version":[{"id":1568,"href":"https:\/\/innovation-day.pl\/en\/wp-json\/wp\/v2\/pages\/1535\/revisions\/1568"}],"wp:attachment":[{"href":"https:\/\/innovation-day.pl\/en\/wp-json\/wp\/v2\/media?parent=1535"}],"curies":[{"name":"wp","href":"https:\/\/api.w.org\/{rel}","templated":true}]}}